{"id":52,"date":"2023-06-30T17:40:40","date_gmt":"2023-06-30T17:40:40","guid":{"rendered":"http:\/\/fundacjapiszczalka.pl\/?page_id=52"},"modified":"2024-11-17T23:42:39","modified_gmt":"2024-11-17T23:42:39","slug":"nasze-projekty","status":"publish","type":"page","link":"https:\/\/fundacjapiszczalka.pl\/","title":{"rendered":"Nasze projekty"},"content":{"rendered":"\n<h2 class=\"wp-block-heading has-text-align-center\"><strong><mark style=\"background-color:rgba(0, 0, 0, 0);color:#c9a83d\" class=\"has-inline-color\">FUNDACJA PISZCZA\u0141KA<\/mark><\/strong><\/h2>\n\n\n\n<p class=\"has-text-align-left\">Jeste\u015bmy niewielk\u0105 organizacj\u0105 pozarz\u0105dow\u0105 z siedzib\u0105 w Zak\u0142odziu na Roztoczu. Zajmujemy si\u0119 g\u0142\u00f3wnie niematerialnym dziedzictwem naszego regionu \u2013  w szczeg\u00f3lno\u015bci tradycjami muzycznymi roztocza\u0144skich orkiestr d\u0119tych.<\/p>\n\n\n\n<figure class=\"wp-block-image size-large\"><img loading=\"lazy\" decoding=\"async\" width=\"1024\" height=\"539\" src=\"http:\/\/fundacjapiszczalka.pl\/wp-content\/uploads\/2024\/06\/MKM_4914-1-1024x539.jpg\" alt=\"\" class=\"wp-image-155\" srcset=\"https:\/\/fundacjapiszczalka.pl\/wp-content\/uploads\/2024\/06\/MKM_4914-1-1024x539.jpg 1024w, https:\/\/fundacjapiszczalka.pl\/wp-content\/uploads\/2024\/06\/MKM_4914-1-300x158.jpg 300w, https:\/\/fundacjapiszczalka.pl\/wp-content\/uploads\/2024\/06\/MKM_4914-1-768x404.jpg 768w, https:\/\/fundacjapiszczalka.pl\/wp-content\/uploads\/2024\/06\/MKM_4914-1-1536x809.jpg 1536w, https:\/\/fundacjapiszczalka.pl\/wp-content\/uploads\/2024\/06\/MKM_4914-1-1568x826.jpg 1568w, https:\/\/fundacjapiszczalka.pl\/wp-content\/uploads\/2024\/06\/MKM_4914-1.jpg 2000w\" sizes=\"auto, (max-width: 1024px) 100vw, 1024px\" \/><\/figure>\n\n\n\n<h3 class=\"wp-block-heading has-text-align-center\"><strong><mark style=\"background-color:rgba(0, 0, 0, 0);color:#b89931\" class=\"has-inline-color\">Czym dok\u0142adnie si\u0119 zajmujemy?<\/mark><\/strong><\/h3>\n\n\n\n<ul class=\"wp-block-list\">\n<li>prowadzimy badania terenowe w\u015br\u00f3d depozytariuszy tradycji<\/li>\n\n\n\n<li>organizujemy pota\u0144c\u00f3wki, spotkania, warsztaty i letnie festiwale popularyzuj\u0105ce tradycje muzyczne Roztocza<\/li>\n\n\n\n<li>wydajemy p\u0142yty z muzyk\u0105 tradycyjn\u0105<\/li>\n\n\n\n<li>gromadzimy archiwum fotografii, nagra\u0144, nut oraz historii<\/li>\n\n\n\n<li>edukujemy dzieci, m\u0142odzie\u017c oraz doros\u0142ych w Ognisku Muzyki Tradycyjnej i powi\u0105zanej z nim Orkiestrze Podr\u00f3\u017cniacy<\/li>\n\n\n\n<li>wsp\u00f3\u0142pracujemy z mistrzami tradycji i pomagamy im dotrze\u0107 do uczni\u00f3w<\/li>\n\n\n\n<li>wspieramy, dokumentujemy i sieciujemy ostatnie tradycyjne orkiestry d\u0119te Roztocza<\/li>\n\n\n\n<li>wsp\u00f3\u0142dzia\u0142amy z innymi organizacjami na rzecz wypracowywania dobrych praktyk i wymiany do\u015bwiadcze\u0144<\/li>\n<\/ul>\n\n\n\n<h3 class=\"wp-block-heading has-text-align-center\"><strong><mark style=\"background-color:rgba(0, 0, 0, 0);color:#af9950\" class=\"has-inline-color\">Wi\u0119cej o naszych dzia\u0142aniach przeczytasz <br>w zak\u0142adce \u201eNasze projekty\u201d<\/mark><\/strong><\/h3>\n\n\n\n<p><\/p>\n","protected":false},"excerpt":{"rendered":"<p>FUNDACJA PISZCZA\u0141KA Jeste\u015bmy niewielk\u0105 organizacj\u0105 pozarz\u0105dow\u0105 z siedzib\u0105 w Zak\u0142odziu na Roztoczu. Zajmujemy si\u0119 g\u0142\u00f3wnie niematerialnym dziedzictwem naszego regionu \u2013 w szczeg\u00f3lno\u015bci tradycjami muzycznymi roztocza\u0144skich orkiestr d\u0119tych. Czym dok\u0142adnie si\u0119 zajmujemy? Wi\u0119cej o naszych dzia\u0142aniach przeczytasz w zak\u0142adce \u201eNasze projekty\u201d<\/p>\n","protected":false},"author":1,"featured_media":0,"parent":0,"menu_order":0,"comment_status":"closed","ping_status":"closed","template":"","meta":{"footnotes":""},"class_list":["post-52","page","type-page","status-publish","hentry","entry"],"_links":{"self":[{"href":"https:\/\/fundacjapiszczalka.pl\/index.php\/wp-json\/wp\/v2\/pages\/52","targetHints":{"allow":["GET"]}}],"collection":[{"href":"https:\/\/fundacjapiszczalka.pl\/index.php\/wp-json\/wp\/v2\/pages"}],"about":[{"href":"https:\/\/fundacjapiszczalka.pl\/index.php\/wp-json\/wp\/v2\/types\/page"}],"author":[{"embeddable":true,"href":"https:\/\/fundacjapiszczalka.pl\/index.php\/wp-json\/wp\/v2\/users\/1"}],"replies":[{"embeddable":true,"href":"https:\/\/fundacjapiszczalka.pl\/index.php\/wp-json\/wp\/v2\/comments?post=52"}],"version-history":[{"count":12,"href":"https:\/\/fundacjapiszczalka.pl\/index.php\/wp-json\/wp\/v2\/pages\/52\/revisions"}],"predecessor-version":[{"id":215,"href":"https:\/\/fundacjapiszczalka.pl\/index.php\/wp-json\/wp\/v2\/pages\/52\/revisions\/215"}],"wp:attachment":[{"href":"https:\/\/fundacjapiszczalka.pl\/index.php\/wp-json\/wp\/v2\/media?parent=52"}],"curies":[{"name":"wp","href":"https:\/\/api.w.org\/{rel}","templated":true}]}}