{"id":69,"date":"2023-06-30T18:01:02","date_gmt":"2023-06-30T18:01:02","guid":{"rendered":"http:\/\/fundacjapiszczalka.pl\/?page_id=69"},"modified":"2024-11-20T12:59:01","modified_gmt":"2024-11-20T12:59:01","slug":"o-fundacji","status":"publish","type":"page","link":"https:\/\/fundacjapiszczalka.pl\/index.php\/o-fundacji\/","title":{"rendered":"O fundacji"},"content":{"rendered":"\n<p>Jeste\u015bmy niewielk\u0105 organizacj\u0105 pozarz\u0105dow\u0105 z siedzib\u0105 w Zak\u0142odziu na Roztoczu. Zajmujemy si\u0119 g\u0142\u00f3wnie niematerialnym dziedzictwem naszego regionu \u2013 w szczeg\u00f3lno\u015bci tradycjami muzycznymi roztocza\u0144skich orkiestr d\u0119tych.<\/p>\n\n\n\n<figure class=\"wp-block-gallery has-nested-images columns-default is-cropped wp-block-gallery-1 is-layout-flex wp-block-gallery-is-layout-flex\">\n<figure class=\"wp-block-image size-large\"><img loading=\"lazy\" decoding=\"async\" width=\"1024\" height=\"539\" data-id=\"232\" src=\"https:\/\/fundacjapiszczalka.pl\/wp-content\/uploads\/2024\/11\/MKM_1428-1024x539.jpg\" alt=\"\" class=\"wp-image-232\" srcset=\"https:\/\/fundacjapiszczalka.pl\/wp-content\/uploads\/2024\/11\/MKM_1428-1024x539.jpg 1024w, https:\/\/fundacjapiszczalka.pl\/wp-content\/uploads\/2024\/11\/MKM_1428-300x158.jpg 300w, https:\/\/fundacjapiszczalka.pl\/wp-content\/uploads\/2024\/11\/MKM_1428-768x404.jpg 768w, https:\/\/fundacjapiszczalka.pl\/wp-content\/uploads\/2024\/11\/MKM_1428-1536x809.jpg 1536w, https:\/\/fundacjapiszczalka.pl\/wp-content\/uploads\/2024\/11\/MKM_1428-1568x826.jpg 1568w, https:\/\/fundacjapiszczalka.pl\/wp-content\/uploads\/2024\/11\/MKM_1428.jpg 2000w\" sizes=\"auto, (max-width: 1024px) 100vw, 1024px\" \/><\/figure>\n<\/figure>\n\n\n\n<h3 class=\"wp-block-heading has-text-align-center\"><strong><mark><mark style=\"background-color:#f0dbc8;color:#d88ed7\" class=\"has-inline-color\">Czym dok\u0142adnie si\u0119 zajmujemy?<\/mark><\/mark><\/strong><\/h3>\n\n\n\n<ul class=\"wp-block-list\">\n<li>prowadzimy badania terenowe w\u015br\u00f3d depozytariuszy tradycji<\/li>\n\n\n\n<li>organizujemy pota\u0144c\u00f3wki, spotkania, warsztaty i letnie festiwale popularyzuj\u0105ce tradycje muzyczne Roztocza<\/li>\n\n\n\n<li>wydajemy p\u0142yty z muzyk\u0105 tradycyjn\u0105<\/li>\n\n\n\n<li>gromadzimy archiwum fotografii, nagra\u0144, nut oraz historii<\/li>\n\n\n\n<li>edukujemy dzieci, m\u0142odzie\u017c oraz doros\u0142ych w Ognisku Muzyki Tradycyjnej i powi\u0105zanej z nim Orkiestrze Podr\u00f3\u017cniacy<\/li>\n\n\n\n<li>wsp\u00f3\u0142pracujemy z mistrzami tradycji i pomagamy im dotrze\u0107 do uczni\u00f3w<\/li>\n\n\n\n<li>wspieramy, dokumentujemy i sieciujemy ostatnie tradycyjne orkiestry d\u0119te Roztocza<\/li>\n\n\n\n<li>wsp\u00f3\u0142dzia\u0142amy z innymi organizacjami na rzecz wypracowywania dobrych praktyk i wymiany do\u015bwiadcze\u0144<\/li>\n<\/ul>\n\n\n\n<figure class=\"wp-block-image size-large\"><img loading=\"lazy\" decoding=\"async\" width=\"1024\" height=\"539\" src=\"http:\/\/fundacjapiszczalka.pl\/wp-content\/uploads\/2024\/11\/MKM_1959-1024x539.jpg\" alt=\"\" class=\"wp-image-248\" srcset=\"https:\/\/fundacjapiszczalka.pl\/wp-content\/uploads\/2024\/11\/MKM_1959-1024x539.jpg 1024w, https:\/\/fundacjapiszczalka.pl\/wp-content\/uploads\/2024\/11\/MKM_1959-300x158.jpg 300w, https:\/\/fundacjapiszczalka.pl\/wp-content\/uploads\/2024\/11\/MKM_1959-768x404.jpg 768w, https:\/\/fundacjapiszczalka.pl\/wp-content\/uploads\/2024\/11\/MKM_1959-1536x809.jpg 1536w, https:\/\/fundacjapiszczalka.pl\/wp-content\/uploads\/2024\/11\/MKM_1959-1568x826.jpg 1568w, https:\/\/fundacjapiszczalka.pl\/wp-content\/uploads\/2024\/11\/MKM_1959.jpg 2000w\" sizes=\"auto, (max-width: 1024px) 100vw, 1024px\" \/><figcaption class=\"wp-element-caption\">Sobotnia pota\u0144c\u00f3wka. Fot. Micha\u0142 Kalita<\/figcaption><\/figure>\n\n\n\n<p class=\"has-text-align-center\"><strong><mark><mark style=\"background-color:#FFFFFF;color:#c369cc\" class=\"has-inline-color\">Wi\u0119cej o naszych dzia\u0142aniach w zak\u0142adce \u201eNasze projekty\u201d<\/mark><\/mark><\/strong><\/p>\n\n\n\n<hr class=\"wp-block-separator has-alpha-channel-opacity\"\/>\n\n\n\n<h3 class=\"wp-block-heading has-text-align-center\"><strong><mark style=\"background-color:#EEEADD;color:#d66cbf\" class=\"has-inline-color\">Chcesz wesprze\u0107 nasze dzia\u0142ania? <br>Wp\u0142a\u0107 darowizn\u0119!<\/mark><\/strong><\/h3>\n\n\n\n<p class=\"has-text-align-center\"><strong>Dane do przelewu<\/strong><\/p>\n\n\n\n<p class=\"has-text-align-center\"><strong>Nazwa odbiorcy:&nbsp;<\/strong>Fundacja Piszcza\u0142ka<\/p>\n\n\n\n<p class=\"has-text-align-center\"><strong>Nr konta:&nbsp;<\/strong>12109025900000000149128939<\/p>\n\n\n\n<p class=\"has-text-align-center\"><strong>Tytu\u0142:&nbsp;<\/strong>Darowizna na cele statutowe<\/p>\n\n\n\n<hr class=\"wp-block-separator has-alpha-channel-opacity\"\/>\n\n\n<div class=\"wp-block-image\">\n<figure class=\"aligncenter size-large\"><img loading=\"lazy\" decoding=\"async\" width=\"683\" height=\"1024\" src=\"http:\/\/fundacjapiszczalka.pl\/wp-content\/uploads\/2024\/11\/fotAnna_MichalakPawlowska2024DSCF1420-683x1024.jpg\" alt=\"\" class=\"wp-image-254\" srcset=\"https:\/\/fundacjapiszczalka.pl\/wp-content\/uploads\/2024\/11\/fotAnna_MichalakPawlowska2024DSCF1420-683x1024.jpg 683w, https:\/\/fundacjapiszczalka.pl\/wp-content\/uploads\/2024\/11\/fotAnna_MichalakPawlowska2024DSCF1420-200x300.jpg 200w, https:\/\/fundacjapiszczalka.pl\/wp-content\/uploads\/2024\/11\/fotAnna_MichalakPawlowska2024DSCF1420-768x1152.jpg 768w, https:\/\/fundacjapiszczalka.pl\/wp-content\/uploads\/2024\/11\/fotAnna_MichalakPawlowska2024DSCF1420-1024x1536.jpg 1024w, https:\/\/fundacjapiszczalka.pl\/wp-content\/uploads\/2024\/11\/fotAnna_MichalakPawlowska2024DSCF1420-1365x2048.jpg 1365w, https:\/\/fundacjapiszczalka.pl\/wp-content\/uploads\/2024\/11\/fotAnna_MichalakPawlowska2024DSCF1420-1568x2352.jpg 1568w, https:\/\/fundacjapiszczalka.pl\/wp-content\/uploads\/2024\/11\/fotAnna_MichalakPawlowska2024DSCF1420-scaled.jpg 1707w\" sizes=\"auto, (max-width: 683px) 100vw, 683px\" \/><figcaption class=\"wp-element-caption\">Orkiestrowa fura. Fot. Micha\u0142 Kalita<\/figcaption><\/figure>\n<\/div>","protected":false},"excerpt":{"rendered":"<p>Jeste\u015bmy niewielk\u0105 organizacj\u0105 pozarz\u0105dow\u0105 z siedzib\u0105 w Zak\u0142odziu na Roztoczu. Zajmujemy si\u0119 g\u0142\u00f3wnie niematerialnym dziedzictwem naszego regionu \u2013 w szczeg\u00f3lno\u015bci tradycjami muzycznymi roztocza\u0144skich orkiestr d\u0119tych. Czym dok\u0142adnie si\u0119 zajmujemy? Wi\u0119cej o naszych dzia\u0142aniach w zak\u0142adce \u201eNasze projekty\u201d Chcesz wesprze\u0107 nasze dzia\u0142ania? Wp\u0142a\u0107 darowizn\u0119! Dane do przelewu Nazwa odbiorcy:&nbsp;Fundacja Piszcza\u0142ka Nr konta:&nbsp;12109025900000000149128939 Tytu\u0142:&nbsp;Darowizna na cele statutowe<\/p>\n","protected":false},"author":1,"featured_media":0,"parent":0,"menu_order":0,"comment_status":"closed","ping_status":"closed","template":"","meta":{"footnotes":""},"class_list":["post-69","page","type-page","status-publish","hentry","entry"],"_links":{"self":[{"href":"https:\/\/fundacjapiszczalka.pl\/index.php\/wp-json\/wp\/v2\/pages\/69","targetHints":{"allow":["GET"]}}],"collection":[{"href":"https:\/\/fundacjapiszczalka.pl\/index.php\/wp-json\/wp\/v2\/pages"}],"about":[{"href":"https:\/\/fundacjapiszczalka.pl\/index.php\/wp-json\/wp\/v2\/types\/page"}],"author":[{"embeddable":true,"href":"https:\/\/fundacjapiszczalka.pl\/index.php\/wp-json\/wp\/v2\/users\/1"}],"replies":[{"embeddable":true,"href":"https:\/\/fundacjapiszczalka.pl\/index.php\/wp-json\/wp\/v2\/comments?post=69"}],"version-history":[{"count":2,"href":"https:\/\/fundacjapiszczalka.pl\/index.php\/wp-json\/wp\/v2\/pages\/69\/revisions"}],"predecessor-version":[{"id":266,"href":"https:\/\/fundacjapiszczalka.pl\/index.php\/wp-json\/wp\/v2\/pages\/69\/revisions\/266"}],"wp:attachment":[{"href":"https:\/\/fundacjapiszczalka.pl\/index.php\/wp-json\/wp\/v2\/media?parent=69"}],"curies":[{"name":"wp","href":"https:\/\/api.w.org\/{rel}","templated":true}]}}